{"id":156119,"date":"2025-06-25T13:46:54","date_gmt":"2025-06-25T11:46:54","guid":{"rendered":"https:\/\/www.southmedical.consulting\/?post_type=product&#038;p=156119"},"modified":"2025-09-26T17:13:34","modified_gmt":"2025-09-26T15:13:34","slug":"15-prompt-ia-neurology","status":"publish","type":"product","link":"https:\/\/www.southmedical.consulting\/en\/produit\/15-prompts-ia-neurologie\/","title":{"rendered":"15 prompt IA Neurology"},"content":{"rendered":"<div class=\"wpb-content-wrapper\"><div data-parent=\"true\" class=\"vc_row row-container\" id=\"row-unique-0\"><div class=\"row limit-width row-parent\"><div class=\"wpb_row row-inner\"><div class=\"wpb_column pos-top pos-center align_left column_parent col-lg-12 single-internal-gutter\"><div class=\"uncol style-light\"  ><div class=\"uncoltable\"><div class=\"uncell no-block-padding\" ><div class=\"uncont\" ><div class=\"uncode_text_column\" ><p>Are you a healthcare professional, student or content creator in the field of neuroscience? This booklet of 15 neurology prompts will help you to produce clear, rigorous content that is tailored to your needs, with the support of an AI like ChatGPT.<\/p>\n<p>\ud83d\udca1 <strong>What this booklet contains :<\/strong><\/p>\n<ul>\n<li>15 prompts designed to cover the main areas of neurology.<\/li>\n<li>Topics included: stroke, epilepsy, multiple sclerosis, migraines, Parkinson's, cognitive disorders, paediatric neurology, etc.<\/li>\n<li>Formulated to maximise the quality and reliability of the answers generated by AI.<\/li>\n<li>Perfect for articles, patient information materials, network publications, practical fact sheets or popularisation documents.<\/li>\n<\/ul>\n<p>\ud83c\udfaf <strong>This booklet is intended for :<\/strong><\/p>\n<ul>\n<li>Neurologists, residents, general practitioners.<\/li>\n<li>Students of medicine, cognitive science or nursing.<\/li>\n<li>Health and neuroscience content creators.<\/li>\n<li>Medical writers and therapeutic education professionals.<\/li>\n<\/ul>\n<p>\ud83d\udcd8 <strong>Format:<\/strong><\/p>\n<p>Digital booklet (PDF) - Immediate download after payment.<\/p>\n<p>Produce quality neurological content, without wasting time or guesswork.<br \/>\nDownload this booklet today and make your creative process easier!<\/p>\n<\/div><\/div><\/div><\/div><\/div><\/div><script id=\"script-row-unique-0\" data-row=\"script-row-unique-0\" type=\"text\/javascript\" class=\"vc_controls\">UNCODE.initRow(document.getElementById(\"row-unique-0\"));<\/script><\/div><\/div><\/div>\n<\/div>","protected":false},"excerpt":{"rendered":"<p>15 prompts specialising in neurology to produce accurate, educational and professional medical content using artificial intelligence.<\/p>","protected":false},"featured_media":156121,"comment_status":"open","ping_status":"closed","template":"","meta":[],"product_brand":[],"product_cat":[92],"product_tag":[],"class_list":{"0":"post-156119","1":"product","2":"type-product","3":"status-publish","4":"has-post-thumbnail","6":"product_cat-non-classe","8":"first","9":"instock","10":"downloadable","11":"virtual","12":"taxable","13":"purchasable","14":"product-type-simple"},"yoast_head":"<!-- This site is optimized with the Yoast SEO plugin v27.4 - https:\/\/yoast.com\/product\/yoast-seo-wordpress\/ -->\n<title>15 prompts IA Neurologie - South Medical Consulting<\/title>\n<meta name=\"description\" content=\"15 prompts IA Neurologie - 15 prompts sp\u00e9cialis\u00e9s en neurologie pour produire du contenu m\u00e9dical pr\u00e9cis, p\u00e9dagogique et professionnel.\" \/>\n<meta name=\"robots\" content=\"index, follow, max-snippet:-1, max-image-preview:large, max-video-preview:-1\" \/>\n<link rel=\"canonical\" href=\"https:\/\/www.southmedical.consulting\/en\/product\/15-prompt-ia-neurology\/\" \/>\n<meta property=\"og:locale\" content=\"en_GB\" \/>\n<meta property=\"og:type\" content=\"article\" \/>\n<meta property=\"og:title\" content=\"15 prompts IA Neurologie - South Medical Consulting\" \/>\n<meta property=\"og:description\" content=\"15 prompts IA Neurologie - 15 prompts sp\u00e9cialis\u00e9s en neurologie pour produire du contenu m\u00e9dical pr\u00e9cis, p\u00e9dagogique et professionnel.\" \/>\n<meta property=\"og:url\" content=\"https:\/\/www.southmedical.consulting\/en\/product\/15-prompt-ia-neurology\/\" \/>\n<meta property=\"og:site_name\" content=\"South Medical Consulting\" \/>\n<meta property=\"article:publisher\" content=\"https:\/\/www.facebook.com\/share\/14WrjPuXtB\/?mibextid=LQQJ4d\" \/>\n<meta property=\"article:modified_time\" content=\"2025-09-26T15:13:34+00:00\" \/>\n<meta property=\"og:image\" content=\"https:\/\/www.southmedical.consulting\/wp-content\/uploads\/2025\/06\/visuel-prompts-neurologie.webp\" \/>\n\t<meta property=\"og:image:width\" content=\"512\" \/>\n\t<meta property=\"og:image:height\" content=\"800\" \/>\n\t<meta property=\"og:image:type\" content=\"image\/webp\" \/>\n<meta name=\"twitter:card\" content=\"summary_large_image\" \/>\n<meta name=\"twitter:label1\" content=\"Estimated reading time\" \/>\n\t<meta name=\"twitter:data1\" content=\"2 minutes\" \/>\n<script type=\"application\/ld+json\" class=\"yoast-schema-graph\">{\"@context\":\"https:\\\/\\\/schema.org\",\"@graph\":[{\"@type\":\"WebPage\",\"@id\":\"https:\\\/\\\/www.southmedical.consulting\\\/produit\\\/15-prompts-ia-neurologie\\\/\",\"url\":\"https:\\\/\\\/www.southmedical.consulting\\\/produit\\\/15-prompts-ia-neurologie\\\/\",\"name\":\"15 prompts IA Neurologie - South Medical Consulting\",\"isPartOf\":{\"@id\":\"https:\\\/\\\/www.southmedical.consulting\\\/#website\"},\"primaryImageOfPage\":{\"@id\":\"https:\\\/\\\/www.southmedical.consulting\\\/produit\\\/15-prompts-ia-neurologie\\\/#primaryimage\"},\"image\":{\"@id\":\"https:\\\/\\\/www.southmedical.consulting\\\/produit\\\/15-prompts-ia-neurologie\\\/#primaryimage\"},\"thumbnailUrl\":\"https:\\\/\\\/www.southmedical.consulting\\\/wp-content\\\/uploads\\\/2025\\\/06\\\/visuel-prompts-neurologie.webp\",\"datePublished\":\"2025-06-25T11:46:54+00:00\",\"dateModified\":\"2025-09-26T15:13:34+00:00\",\"description\":\"15 prompts IA Neurologie - 15 prompts sp\u00e9cialis\u00e9s en neurologie pour produire du contenu m\u00e9dical pr\u00e9cis, p\u00e9dagogique et professionnel.\",\"breadcrumb\":{\"@id\":\"https:\\\/\\\/www.southmedical.consulting\\\/produit\\\/15-prompts-ia-neurologie\\\/#breadcrumb\"},\"inLanguage\":\"en-GB\",\"potentialAction\":[{\"@type\":\"ReadAction\",\"target\":[\"https:\\\/\\\/www.southmedical.consulting\\\/produit\\\/15-prompts-ia-neurologie\\\/\"]}]},{\"@type\":\"ImageObject\",\"inLanguage\":\"en-GB\",\"@id\":\"https:\\\/\\\/www.southmedical.consulting\\\/produit\\\/15-prompts-ia-neurologie\\\/#primaryimage\",\"url\":\"https:\\\/\\\/www.southmedical.consulting\\\/wp-content\\\/uploads\\\/2025\\\/06\\\/visuel-prompts-neurologie.webp\",\"contentUrl\":\"https:\\\/\\\/www.southmedical.consulting\\\/wp-content\\\/uploads\\\/2025\\\/06\\\/visuel-prompts-neurologie.webp\",\"width\":512,\"height\":800,\"caption\":\"Prompts Neurologie\"},{\"@type\":\"BreadcrumbList\",\"@id\":\"https:\\\/\\\/www.southmedical.consulting\\\/produit\\\/15-prompts-ia-neurologie\\\/#breadcrumb\",\"itemListElement\":[{\"@type\":\"ListItem\",\"position\":1,\"name\":\"Accueil\",\"item\":\"https:\\\/\\\/www.southmedical.consulting\\\/\"},{\"@type\":\"ListItem\",\"position\":2,\"name\":\"Boutique Prompts IA\",\"item\":\"https:\\\/\\\/www.southmedical.consulting\\\/boutique-prompts-ia\\\/\"},{\"@type\":\"ListItem\",\"position\":3,\"name\":\"15 prompts IA Neurologie\"}]},{\"@type\":\"WebSite\",\"@id\":\"https:\\\/\\\/www.southmedical.consulting\\\/#website\",\"url\":\"https:\\\/\\\/www.southmedical.consulting\\\/\",\"name\":\"South Medical Consulting\",\"description\":\"Collaboration, Confiance, Comp\u00e9tences\",\"publisher\":{\"@id\":\"https:\\\/\\\/www.southmedical.consulting\\\/#organization\"},\"potentialAction\":[{\"@type\":\"SearchAction\",\"target\":{\"@type\":\"EntryPoint\",\"urlTemplate\":\"https:\\\/\\\/www.southmedical.consulting\\\/?s={search_term_string}\"},\"query-input\":{\"@type\":\"PropertyValueSpecification\",\"valueRequired\":true,\"valueName\":\"search_term_string\"}}],\"inLanguage\":\"en-GB\"},{\"@type\":\"Organization\",\"@id\":\"https:\\\/\\\/www.southmedical.consulting\\\/#organization\",\"name\":\"South Medical Consulting\",\"url\":\"https:\\\/\\\/www.southmedical.consulting\\\/\",\"logo\":{\"@type\":\"ImageObject\",\"inLanguage\":\"en-GB\",\"@id\":\"https:\\\/\\\/www.southmedical.consulting\\\/#\\\/schema\\\/logo\\\/image\\\/\",\"url\":\"https:\\\/\\\/www.southmedical.consulting\\\/wp-content\\\/uploads\\\/2024\\\/12\\\/south-medical-logo-ref.png\",\"contentUrl\":\"https:\\\/\\\/www.southmedical.consulting\\\/wp-content\\\/uploads\\\/2024\\\/12\\\/south-medical-logo-ref.png\",\"width\":320,\"height\":319,\"caption\":\"South Medical Consulting\"},\"image\":{\"@id\":\"https:\\\/\\\/www.southmedical.consulting\\\/#\\\/schema\\\/logo\\\/image\\\/\"},\"sameAs\":[\"https:\\\/\\\/www.facebook.com\\\/share\\\/14WrjPuXtB\\\/?mibextid=LQQJ4d\",\"https:\\\/\\\/www.linkedin.com\\\/in\\\/south-medical-consulting-373147341?utm_source=share&utm_campaign=share_via&utm_content=profile&utm_medium=ios_app\"]}]}<\/script>\n<!-- \/ Yoast SEO plugin. -->","yoast_head_json":{"title":"15 prompts IA Neurology - South Medical Consulting","description":"15 IA Neurology prompts - 15 prompts specialising in neurology to produce accurate, educational and professional medical content.","robots":{"index":"index","follow":"follow","max-snippet":"max-snippet:-1","max-image-preview":"max-image-preview:large","max-video-preview":"max-video-preview:-1"},"canonical":"https:\/\/www.southmedical.consulting\/en\/product\/15-prompt-ia-neurology\/","og_locale":"en_GB","og_type":"article","og_title":"15 prompts IA Neurologie - South Medical Consulting","og_description":"15 prompts IA Neurologie - 15 prompts sp\u00e9cialis\u00e9s en neurologie pour produire du contenu m\u00e9dical pr\u00e9cis, p\u00e9dagogique et professionnel.","og_url":"https:\/\/www.southmedical.consulting\/en\/product\/15-prompt-ia-neurology\/","og_site_name":"South Medical Consulting","article_publisher":"https:\/\/www.facebook.com\/share\/14WrjPuXtB\/?mibextid=LQQJ4d","article_modified_time":"2025-09-26T15:13:34+00:00","og_image":[{"width":512,"height":800,"url":"https:\/\/www.southmedical.consulting\/wp-content\/uploads\/2025\/06\/visuel-prompts-neurologie.webp","type":"image\/webp"}],"twitter_card":"summary_large_image","twitter_misc":{"Estimated reading time":"2 minutes"},"schema":{"@context":"https:\/\/schema.org","@graph":[{"@type":"WebPage","@id":"https:\/\/www.southmedical.consulting\/produit\/15-prompts-ia-neurologie\/","url":"https:\/\/www.southmedical.consulting\/produit\/15-prompts-ia-neurologie\/","name":"15 prompts IA Neurology - South Medical Consulting","isPartOf":{"@id":"https:\/\/www.southmedical.consulting\/#website"},"primaryImageOfPage":{"@id":"https:\/\/www.southmedical.consulting\/produit\/15-prompts-ia-neurologie\/#primaryimage"},"image":{"@id":"https:\/\/www.southmedical.consulting\/produit\/15-prompts-ia-neurologie\/#primaryimage"},"thumbnailUrl":"https:\/\/www.southmedical.consulting\/wp-content\/uploads\/2025\/06\/visuel-prompts-neurologie.webp","datePublished":"2025-06-25T11:46:54+00:00","dateModified":"2025-09-26T15:13:34+00:00","description":"15 IA Neurology prompts - 15 prompts specialising in neurology to produce accurate, educational and professional medical content.","breadcrumb":{"@id":"https:\/\/www.southmedical.consulting\/produit\/15-prompts-ia-neurologie\/#breadcrumb"},"inLanguage":"en-GB","potentialAction":[{"@type":"ReadAction","target":["https:\/\/www.southmedical.consulting\/produit\/15-prompts-ia-neurologie\/"]}]},{"@type":"ImageObject","inLanguage":"en-GB","@id":"https:\/\/www.southmedical.consulting\/produit\/15-prompts-ia-neurologie\/#primaryimage","url":"https:\/\/www.southmedical.consulting\/wp-content\/uploads\/2025\/06\/visuel-prompts-neurologie.webp","contentUrl":"https:\/\/www.southmedical.consulting\/wp-content\/uploads\/2025\/06\/visuel-prompts-neurologie.webp","width":512,"height":800,"caption":"Prompts Neurologie"},{"@type":"BreadcrumbList","@id":"https:\/\/www.southmedical.consulting\/produit\/15-prompts-ia-neurologie\/#breadcrumb","itemListElement":[{"@type":"ListItem","position":1,"name":"Accueil","item":"https:\/\/www.southmedical.consulting\/"},{"@type":"ListItem","position":2,"name":"Boutique Prompts IA","item":"https:\/\/www.southmedical.consulting\/boutique-prompts-ia\/"},{"@type":"ListItem","position":3,"name":"15 prompts IA Neurologie"}]},{"@type":"WebSite","@id":"https:\/\/www.southmedical.consulting\/#website","url":"https:\/\/www.southmedical.consulting\/","name":"South Medical Consulting","description":"Collaboration, Trust, Skills","publisher":{"@id":"https:\/\/www.southmedical.consulting\/#organization"},"potentialAction":[{"@type":"SearchAction","target":{"@type":"EntryPoint","urlTemplate":"https:\/\/www.southmedical.consulting\/?s={search_term_string}"},"query-input":{"@type":"PropertyValueSpecification","valueRequired":true,"valueName":"search_term_string"}}],"inLanguage":"en-GB"},{"@type":"Organization","@id":"https:\/\/www.southmedical.consulting\/#organization","name":"South Medical Consulting","url":"https:\/\/www.southmedical.consulting\/","logo":{"@type":"ImageObject","inLanguage":"en-GB","@id":"https:\/\/www.southmedical.consulting\/#\/schema\/logo\/image\/","url":"https:\/\/www.southmedical.consulting\/wp-content\/uploads\/2024\/12\/south-medical-logo-ref.png","contentUrl":"https:\/\/www.southmedical.consulting\/wp-content\/uploads\/2024\/12\/south-medical-logo-ref.png","width":320,"height":319,"caption":"South Medical Consulting"},"image":{"@id":"https:\/\/www.southmedical.consulting\/#\/schema\/logo\/image\/"},"sameAs":["https:\/\/www.facebook.com\/share\/14WrjPuXtB\/?mibextid=LQQJ4d","https:\/\/www.linkedin.com\/in\/south-medical-consulting-373147341?utm_source=share&utm_campaign=share_via&utm_content=profile&utm_medium=ios_app"]}]}},"_links":{"self":[{"href":"https:\/\/www.southmedical.consulting\/en\/wp-json\/wp\/v2\/product\/156119","targetHints":{"allow":["GET"]}}],"collection":[{"href":"https:\/\/www.southmedical.consulting\/en\/wp-json\/wp\/v2\/product"}],"about":[{"href":"https:\/\/www.southmedical.consulting\/en\/wp-json\/wp\/v2\/types\/product"}],"replies":[{"embeddable":true,"href":"https:\/\/www.southmedical.consulting\/en\/wp-json\/wp\/v2\/comments?post=156119"}],"wp:featuredmedia":[{"embeddable":true,"href":"https:\/\/www.southmedical.consulting\/en\/wp-json\/wp\/v2\/media\/156121"}],"wp:attachment":[{"href":"https:\/\/www.southmedical.consulting\/en\/wp-json\/wp\/v2\/media?parent=156119"}],"wp:term":[{"taxonomy":"product_brand","embeddable":true,"href":"https:\/\/www.southmedical.consulting\/en\/wp-json\/wp\/v2\/product_brand?post=156119"},{"taxonomy":"product_cat","embeddable":true,"href":"https:\/\/www.southmedical.consulting\/en\/wp-json\/wp\/v2\/product_cat?post=156119"},{"taxonomy":"product_tag","embeddable":true,"href":"https:\/\/www.southmedical.consulting\/en\/wp-json\/wp\/v2\/product_tag?post=156119"}],"curies":[{"name":"wp","href":"https:\/\/api.w.org\/{rel}","templated":true}]}}